{"id":2,"date":"2025-11-30T21:02:46","date_gmt":"2025-11-30T21:02:46","guid":{"rendered":"http:\/\/taksimitsa.flamduo.net\/?page_id=2"},"modified":"2026-01-05T16:16:44","modified_gmt":"2026-01-05T16:16:44","slug":"sample-page","status":"publish","type":"page","link":"https:\/\/taksimitsa.flamduo.net\/","title":{"rendered":"Bienvenue sur TAKSIMITSA"},"content":{"rendered":"\n<figure class=\"wp-block-image size-large\"><img loading=\"lazy\" decoding=\"async\" width=\"1024\" height=\"575\" src=\"http:\/\/taksimitsa.flamduo.net\/wp-content\/uploads\/2025\/12\/cropped-P1050109.JPG_compressed-1024x575.jpeg\" alt=\"\" class=\"wp-image-17\" srcset=\"https:\/\/taksimitsa.flamduo.net\/wp-content\/uploads\/2025\/12\/cropped-P1050109.JPG_compressed-1024x575.jpeg 1024w, https:\/\/taksimitsa.flamduo.net\/wp-content\/uploads\/2025\/12\/cropped-P1050109.JPG_compressed-300x169.jpeg 300w, https:\/\/taksimitsa.flamduo.net\/wp-content\/uploads\/2025\/12\/cropped-P1050109.JPG_compressed-768x432.jpeg 768w, https:\/\/taksimitsa.flamduo.net\/wp-content\/uploads\/2025\/12\/cropped-P1050109.JPG_compressed-1536x863.jpeg 1536w, https:\/\/taksimitsa.flamduo.net\/wp-content\/uploads\/2025\/12\/cropped-P1050109.JPG_compressed.jpeg 1920w\" sizes=\"auto, (max-width: 1024px) 100vw, 1024px\" \/><\/figure>\n\n\n\n<p>Vous y trouverez des exemples, des tutos, du r\u00e9pertoire, des ressources autour des musiques des Balkans, leur richesse.<\/p>\n\n\n\n<p>Parcourez le menu&#8230;<br><a href=\"https:\/\/taksimitsa.flamduo.net\/index.php\/repertoire\/\" data-type=\"page\" data-id=\"22\">R\u00e9pertoire<br><\/a><a href=\"https:\/\/taksimitsa.flamduo.net\/index.php\/ecouter\/\" data-type=\"page\" data-id=\"27\">Ecouter<\/a><br><a href=\"https:\/\/taksimitsa.flamduo.net\/index.php\/ressources\/\" data-type=\"page\" data-id=\"25\">Ressources<\/a><\/p>\n\n\n\n<blockquote class=\"wp-block-quote is-layout-flow wp-block-quote-is-layout-flow\">\n<p>TASKIMS, MAQAMS, ORNEMENTS et STYLE<\/p>\n<\/blockquote>\n\n\n\n<p>&#8230;un site propos\u00e9 par Laurent FLECHIER<br><a href=\"mailto:taksimitsa@proton.me\">taskimitsa@proton.me<\/a><\/p>\n\n\n\n<blockquote class=\"wp-block-quote is-layout-flow wp-block-quote-is-layout-flow\">\n<p><\/p>\n<\/blockquote>\n\n\n\n<p><\/p>\n","protected":false},"excerpt":{"rendered":"<p>Vous y trouverez des exemples, des tutos, du r\u00e9pertoire, des ressources autour des musiques des Balkans, leur richesse. Parcourez le menu&#8230;R\u00e9pertoireEcouterRessources TASKIMS, MAQAMS, ORNEMENTS et STYLE &#8230;un site propos\u00e9 par<span class=\"more-button\"><a href=\"https:\/\/taksimitsa.flamduo.net\/\" class=\"more-link\">Continue reading<span class=\"screen-reader-text\">Bienvenue sur TAKSIMITSA<\/span><\/a><\/span><\/p>\n","protected":false},"author":1,"featured_media":0,"parent":0,"menu_order":0,"comment_status":"closed","ping_status":"open","template":"","meta":{"footnotes":""},"class_list":["post-2","page","type-page","status-publish","hentry"],"_links":{"self":[{"href":"https:\/\/taksimitsa.flamduo.net\/index.php\/wp-json\/wp\/v2\/pages\/2","targetHints":{"allow":["GET"]}}],"collection":[{"href":"https:\/\/taksimitsa.flamduo.net\/index.php\/wp-json\/wp\/v2\/pages"}],"about":[{"href":"https:\/\/taksimitsa.flamduo.net\/index.php\/wp-json\/wp\/v2\/types\/page"}],"author":[{"embeddable":true,"href":"https:\/\/taksimitsa.flamduo.net\/index.php\/wp-json\/wp\/v2\/users\/1"}],"replies":[{"embeddable":true,"href":"https:\/\/taksimitsa.flamduo.net\/index.php\/wp-json\/wp\/v2\/comments?post=2"}],"version-history":[{"count":7,"href":"https:\/\/taksimitsa.flamduo.net\/index.php\/wp-json\/wp\/v2\/pages\/2\/revisions"}],"predecessor-version":[{"id":101,"href":"https:\/\/taksimitsa.flamduo.net\/index.php\/wp-json\/wp\/v2\/pages\/2\/revisions\/101"}],"wp:attachment":[{"href":"https:\/\/taksimitsa.flamduo.net\/index.php\/wp-json\/wp\/v2\/media?parent=2"}],"curies":[{"name":"wp","href":"https:\/\/api.w.org\/{rel}","templated":true}]}}